{"id":10060,"date":"2021-10-12T13:49:42","date_gmt":"2021-10-12T13:49:42","guid":{"rendered":"https:\/\/diagram.si\/cookie-policy\/"},"modified":"2022-07-12T10:25:49","modified_gmt":"2022-07-12T10:25:49","slug":"pravilnik-o-piskotkih","status":"publish","type":"page","link":"https:\/\/telegroup.si\/sl\/pravilnik-o-piskotkih\/","title":{"rendered":"Pravilnik o Pi\u0161kotkih"},"content":{"rendered":"\t\t<div data-elementor-type=\"wp-page\" data-elementor-id=\"10060\" class=\"elementor elementor-10060\">\n\t\t\t\t\t\t\t\t\t<section class=\"elementor-section elementor-top-section elementor-element elementor-element-515f9dd dg-pg12-contact-section elementor-section-boxed elementor-section-height-default elementor-section-height-default\" data-id=\"515f9dd\" data-element_type=\"section\" data-settings=\"{&quot;background_background&quot;:&quot;classic&quot;}\">\n\t\t\t\t\t\t<div class=\"elementor-container elementor-column-gap-no\">\n\t\t\t\t\t<div class=\"elementor-column elementor-col-100 elementor-top-column elementor-element elementor-element-ff5d77c\" data-id=\"ff5d77c\" data-element_type=\"column\">\n\t\t\t<div class=\"elementor-widget-wrap elementor-element-populated\">\n\t\t\t\t\t\t\t\t<div class=\"elementor-element elementor-element-bc28722 elementor-widget elementor-widget-heading\" data-id=\"bc28722\" data-element_type=\"widget\" data-widget_type=\"heading.default\">\n\t\t\t\t<div class=\"elementor-widget-container\">\n\t\t\t<style>\/*! elementor - v3.8.0 - 30-10-2022 *\/\n.elementor-heading-title{padding:0;margin:0;line-height:1}.elementor-widget-heading .elementor-heading-title[class*=elementor-size-]>a{color:inherit;font-size:inherit;line-height:inherit}.elementor-widget-heading .elementor-heading-title.elementor-size-small{font-size:15px}.elementor-widget-heading .elementor-heading-title.elementor-size-medium{font-size:19px}.elementor-widget-heading .elementor-heading-title.elementor-size-large{font-size:29px}.elementor-widget-heading .elementor-heading-title.elementor-size-xl{font-size:39px}.elementor-widget-heading .elementor-heading-title.elementor-size-xxl{font-size:59px}<\/style><h2 class=\"elementor-heading-title elementor-size-default\">Pravilnik o pi\u0161kotkih<\/h2>\t\t<\/div>\n\t\t\t\t<\/div>\n\t\t\t\t<div class=\"elementor-element elementor-element-76da566 elementor-widget elementor-widget-text-editor\" data-id=\"76da566\" data-element_type=\"widget\" data-widget_type=\"text-editor.default\">\n\t\t\t\t<div class=\"elementor-widget-container\">\n\t\t\t<style>\/*! elementor - v3.8.0 - 30-10-2022 *\/\n.elementor-widget-text-editor.elementor-drop-cap-view-stacked .elementor-drop-cap{background-color:#818a91;color:#fff}.elementor-widget-text-editor.elementor-drop-cap-view-framed .elementor-drop-cap{color:#818a91;border:3px solid;background-color:transparent}.elementor-widget-text-editor:not(.elementor-drop-cap-view-default) .elementor-drop-cap{margin-top:8px}.elementor-widget-text-editor:not(.elementor-drop-cap-view-default) .elementor-drop-cap-letter{width:1em;height:1em}.elementor-widget-text-editor .elementor-drop-cap{float:left;text-align:center;line-height:1;font-size:50px}.elementor-widget-text-editor .elementor-drop-cap-letter{display:inline-block}<\/style>\t\t\t\t<p>Spletna stran telegroup.si uporablja tako imenovane pi\u0161kotke. Pi\u0161kotki so zbrani podatki, ki jih generira spletna stran in ki jih spletni brskalnik shrani na uporabnikovem trdem disku kot majhne besedilne datoteke.<\/p><p>Sejni pi\u0161kotki so majhne besedilne datoteke, shranjene na uporabnikovem trdem disku ali na mobilni napravi prek spletnih strani, ki so nalo\u017eene v brskalnik ali prek posebnih e-po\u0161tnih sporo\u010dil. Njihova uporaba je raz\u0161irjena, z namenom omogo\u010danja pravilnega delovanja spletnih strani, da lahko njihovi lastniki prejmejo poslovne in marketin\u0161ke informacije.<\/p><p>Pi\u0161kotek vsebuje besedilno vrstico, ki vsebuje informacije o brskalniku. Za delovanje pi\u0161kotku ni treba prepoznati, od kod prihaja uporabnik, ampak mora le dolo\u010diti vrsto uporabnikovega spletnega brskalnika.<\/p><p>Nekateri pi\u0161kotki, ki jih uporablja TeleGroup Slovenia shranjujejo osebne informacije o uporabnikih. Kljub temu se ti podatki shranjujejo le, \u010de jih je uporabnik objavil sam, torej jih je vnesel na na\u0161o spletno stran. Podroben opis varstva osebnih podatkov lahko najdete v na\u0161em <a href=\"https:\/\/telegroup.si\/sl\/pravilnik-o-varstvu-osebnih-podatkov\/\"><u>Pravilniku o varstvu osebnih podatkov<\/u><\/a>.<\/p><p>Pi\u0161kotki se iz tehni\u010dnih razlogov uporabljajo za u\u010dinkovito delovanje spletnega mesta telegroup.si, torej za:<\/p><ul><li>Ohranjanje uravnove\u0161enega komuniciranja na spletni strani, medtem ko uporabniki prejmejo skladne in zanesljive storitve;<\/li><li>Omejevanje komunikacije na klju\u010dne dele spletnega mesta, da se ohrani raven u\u010dinkovitosti poslovanja;<\/li><li>Omogo\u010danje povezovanja uporabnika z ustrezno slu\u017ebo na spletni strani, med spremembo na\u010dina delovanja spletnega mesta;<\/li><li>Usmerjanje uporabnikov k dolo\u010denim aplikacijam storitve ali dolo\u010denim stre\u017enikom;<\/li><li>Pridobivanje vpogleda v na\u010din, kako obiskovalci uporabljajo spletno mesto, za izbolj\u0161anje funkcionalnosti spletnega mesta in uporabni\u0161ke izku\u0161nje<\/li><\/ul><p>Pi\u0161kotki se uporabljajo za omogo\u010danje uporabnikom, da krmilijo po na\u0161em spletnem mestu tako, da:<\/p><ul><li>Si zapomnijo podatke, ki jih je uporabnik vnesel v obrazec za naro\u010danje med navigacijo po razli\u010dnih straneh pri brskanju po omre\u017eju;<\/li><li>Si zapomnijo re\u0161itve in storitve, ki so bile uporabniku na spletnem mestu zanimive, za po\u0161iljanje komercialnih sporo\u010dil;<\/li><li>Si zapomni identifikacijske podatke za prijavo na spletnem mestu;<\/li><li>Poka\u017eejo prijave na spletnem mestu.<\/li><\/ul><p>Pi\u0161kotki so shranjeni v napravi, ki se uporablja za dostop do na\u0161ega spletnega mesta, ki si zapomni te nastavitve za naslednjo uporabo. Pi\u0161kotek preneha biti veljaven po dolo\u010denem obdobju (v vsakem primeru po 13-mese\u010dnem obdobju). Uporabnik ima mo\u017enost brisanja pi\u0161kotkov prek nastavitev v spletnem brskalniku. Vse dodatne informacije o brisanju ali blokiranju pi\u0161kotkov najdete na povezavi www.aboutcookies.org.\u00a0<\/p><p>Internetni brskalniki omogo\u010dajo spreminjanje nastavitev, povezanih s pi\u0161kotki. Nastavitve so v meniju obi\u010dajno podane kot \u00bbMo\u017enosti\u00ab ali \u00bbNastavitve\u00ab. Spodaj navedene povezave lahko pomagajo uporabnikom do bolj\u0161ega razumevanje nastavitev:<\/p><ul><li>Nastavitve pi\u0161kotkov v brskalniku Internet Explorer<\/li><li>Nastavitve pi\u0161kotkov v brskalniku Firefox<\/li><li>Nastavitve pi\u0161kotkov v brskalniku Chrome<\/li><li>Nastavitve pi\u0161kotkov v brskalniku Safari<\/li><\/ul><p>Na svoji spletni strani telegroup.si TeleGroup Slovenia uporablja pi\u0161kotke in storitve tretjih oseb za objavo komercialnih sporo\u010dil (Facebook Pixel in Google Tag Manager), analitike (Google Analytics) in uporabe video storitev (YouTube). Vse te pi\u0161kotke upravljajo tretje osebe in vse dodatne informacije o zasebnosti so podane na spletnih straneh teh tretjih oseb. Z izbiro mo\u017enosti SOGLA\u0160AM, pred uporabo spletne strani telegroup.si, uporabnik sprejme uporabo pi\u0161kotkov v zgoraj omenjene namene.<\/p><p>Z izbiro mo\u017enosti SAMO POTREBNI PI\u0160KOTKI, uporabnik sprejme uporabo tistih pi\u0161kotkov, ki so potrebni za pravilno delovanje spletne strani in Google Analytics obiskovalcev, medtem ko izbira mo\u017enosti IZKLOPI uporabniku omogo\u010da nadaljnje brskanje po na\u0161i spletni strani, a z zavedanjem, da brskanje po celotni vsebini spletnega mesta verjetno ne bo mogo\u010de.<\/p><p>TeleGroup Slovenia ne odgovarja za izgubo funkcionalnosti in\/ali vsebine na spletnih straneh telegroup.si zaradi izbire regulacije prejemanja pi\u0161kotkov s strani uporabnika.<\/p><p>Ve\u010d informacij o na\u010dinu regulacije oz. izklopa te vrste pi\u0161kotkov najdete na naslednji povezavi: www.networkadvertising.org\/choices.<\/p><p>Poleg tega na\u0161a spletna stran spremlja statistiko obiskov zgolj z namenom zbrati potrebne informacije s pomo\u010djo storitve Google Analytics, analiti\u010dno slu\u017ebo omre\u017eja, ki jo nudi Google Inc. Corporation (v nadaljevanju \u00bbGoogle\u00ab ). Google Analytics uporablja pi\u0161kotke, besedilne baze podatkov, ki so shranjene na uporabnikovem ra\u010dunalniku, kot pomo\u010d za analizo, kako uporabniki uporabljajo spletno stran. Google uporablja take podatke za ocenjevanje uporabe spletne strani s strani uporabnika, za pripravo poro\u010dil o dejavnostih v zvezi s spletno stranjo in uporabo interneta. Google ne pove\u017ee uporabnikovega IP-naslova z drugimi podatki, ki so v lasti Googla.<\/p><p>Dodatne informacije o pi\u0161kotkih Google Analytics najdete na Googlovih straneh, namenjenih zagotavljanju pomo\u010di in pravilniku o zasebnosti: Googlov Pravilnik o zasebnosti in Pomo\u010d za Google Analytics. Google je za brskalnik razvil tudi dodaten program za JavaScript Google Analytics, ki omogo\u010da njen izklop (ga.js, analytics.js, dc.js). \u010ce \u017eeli uporabnik biti izklju\u010den iz storitve Google Analytics, mora prenesti in namestiti dodaten program za svoj spletni brskalnik.<\/p>\t\t\t\t\t\t<\/div>\n\t\t\t\t<\/div>\n\t\t\t\t\t<\/div>\n\t\t<\/div>\n\t\t\t\t\t\t\t<\/div>\n\t\t<\/section>\n\t\t\t\t\t\t\t<\/div>\n\t\t","protected":false},"excerpt":{"rendered":"<p>Pravilnik o pi\u0161kotkih Spletna stran telegroup.si uporablja tako imenovane pi\u0161kotke. Pi\u0161kotki so zbrani podatki, ki jih generira spletna stran in ki jih spletni brskalnik shrani na uporabnikovem trdem disku kot majhne besedilne datoteke. Sejni pi\u0161kotki so majhne besedilne datoteke, shranjene na uporabnikovem trdem disku ali na mobilni napravi prek spletnih strani, ki so nalo\u017eene v [&hellip;]<\/p>\n","protected":false},"author":2,"featured_media":0,"parent":0,"menu_order":0,"comment_status":"closed","ping_status":"closed","template":"","meta":{"inline_featured_image":false,"footnotes":""},"class_list":["post-10060","page","type-page","status-publish","hentry"],"_links":{"self":[{"href":"https:\/\/telegroup.si\/sl\/wp-json\/wp\/v2\/pages\/10060","targetHints":{"allow":["GET"]}}],"collection":[{"href":"https:\/\/telegroup.si\/sl\/wp-json\/wp\/v2\/pages"}],"about":[{"href":"https:\/\/telegroup.si\/sl\/wp-json\/wp\/v2\/types\/page"}],"author":[{"embeddable":true,"href":"https:\/\/telegroup.si\/sl\/wp-json\/wp\/v2\/users\/2"}],"replies":[{"embeddable":true,"href":"https:\/\/telegroup.si\/sl\/wp-json\/wp\/v2\/comments?post=10060"}],"version-history":[{"count":6,"href":"https:\/\/telegroup.si\/sl\/wp-json\/wp\/v2\/pages\/10060\/revisions"}],"predecessor-version":[{"id":10584,"href":"https:\/\/telegroup.si\/sl\/wp-json\/wp\/v2\/pages\/10060\/revisions\/10584"}],"wp:attachment":[{"href":"https:\/\/telegroup.si\/sl\/wp-json\/wp\/v2\/media?parent=10060"}],"curies":[{"name":"wp","href":"https:\/\/api.w.org\/{rel}","templated":true}]}}