{"id":9200,"date":"2021-08-27T11:42:05","date_gmt":"2021-08-27T11:42:05","guid":{"rendered":"https:\/\/diagram.si\/high-energy-germicidal-uvc-solutions\/"},"modified":"2022-07-12T14:25:36","modified_gmt":"2022-07-12T14:25:36","slug":"visokoenergijske-germicidne-uvc-resitve","status":"publish","type":"page","link":"https:\/\/telegroup.si\/sl\/visokoenergijske-germicidne-uvc-resitve\/","title":{"rendered":"Visokoenergijske Germicidne Uvc re\u0161itve"},"content":{"rendered":"\t\t<div data-elementor-type=\"wp-page\" data-elementor-id=\"9200\" class=\"elementor elementor-9200\">\n\t\t\t\t\t\t\t\t\t<section class=\"elementor-section elementor-top-section elementor-element elementor-element-7891585 dg-hero-section elementor-section-boxed elementor-section-height-default elementor-section-height-default\" data-id=\"7891585\" data-element_type=\"section\" data-settings=\"{&quot;background_background&quot;:&quot;classic&quot;}\">\n\t\t\t\t\t\t<div class=\"elementor-container elementor-column-gap-no\">\n\t\t\t\t\t<div class=\"elementor-column elementor-col-50 elementor-top-column elementor-element elementor-element-5f9e78d dg-hero-img-column\" data-id=\"5f9e78d\" data-element_type=\"column\">\n\t\t\t<div class=\"elementor-widget-wrap elementor-element-populated\">\n\t\t\t\t\t\t\t\t<div class=\"elementor-element elementor-element-7b96a8b dg-hero-img elementor-invisible elementor-widget elementor-widget-image\" data-id=\"7b96a8b\" data-element_type=\"widget\" data-settings=\"{&quot;_animation&quot;:&quot;fadeIn&quot;}\" data-widget_type=\"image.default\">\n\t\t\t\t<div class=\"elementor-widget-container\">\n\t\t\t<style>\/*! elementor - v3.8.0 - 30-10-2022 *\/\n.elementor-widget-image{text-align:center}.elementor-widget-image a{display:inline-block}.elementor-widget-image a img[src$=\".svg\"]{width:48px}.elementor-widget-image img{vertical-align:middle;display:inline-block}<\/style>\t\t\t\t\t\t\t\t\t\t\t\t<img loading=\"lazy\" decoding=\"async\" width=\"879\" height=\"510\" src=\"https:\/\/telegroup.si\/wp-content\/uploads\/2021\/08\/hero-9.jpg\" class=\"attachment-full size-full\" alt=\"\" srcset=\"https:\/\/telegroup.si\/wp-content\/uploads\/2021\/08\/hero-9.jpg 879w, https:\/\/telegroup.si\/wp-content\/uploads\/2021\/08\/hero-9-300x174.jpg 300w, https:\/\/telegroup.si\/wp-content\/uploads\/2021\/08\/hero-9-768x446.jpg 768w\" sizes=\"auto, (max-width: 879px) 100vw, 879px\" \/>\t\t\t\t\t\t\t\t\t\t\t\t\t\t\t<\/div>\n\t\t\t\t<\/div>\n\t\t\t\t\t<\/div>\n\t\t<\/div>\n\t\t\t\t<div class=\"elementor-column elementor-col-50 elementor-top-column elementor-element elementor-element-66748c8 dg-hero-heading-column dg-hero-heading-column-pg2 animated-fast elementor-invisible\" data-id=\"66748c8\" data-element_type=\"column\" data-settings=\"{&quot;background_background&quot;:&quot;classic&quot;,&quot;motion_fx_motion_fx_scrolling&quot;:&quot;yes&quot;,&quot;motion_fx_translateY_effect&quot;:&quot;yes&quot;,&quot;motion_fx_translateY_speed&quot;:{&quot;unit&quot;:&quot;px&quot;,&quot;size&quot;:1.5,&quot;sizes&quot;:[]},&quot;motion_fx_devices&quot;:[&quot;desktop&quot;],&quot;animation&quot;:&quot;fadeIn&quot;,&quot;motion_fx_translateY_affectedRange&quot;:{&quot;unit&quot;:&quot;%&quot;,&quot;size&quot;:&quot;&quot;,&quot;sizes&quot;:{&quot;start&quot;:0,&quot;end&quot;:100}}}\">\n\t\t\t<div class=\"elementor-widget-wrap elementor-element-populated\">\n\t\t\t\t\t\t\t\t<div class=\"elementor-element elementor-element-b8bd5b4 elementor-invisible elementor-widget elementor-widget-heading\" data-id=\"b8bd5b4\" data-element_type=\"widget\" data-settings=\"{&quot;_animation&quot;:&quot;fadeInDown&quot;,&quot;_animation_delay&quot;:400}\" data-widget_type=\"heading.default\">\n\t\t\t\t<div class=\"elementor-widget-container\">\n\t\t\t<style>\/*! elementor - v3.8.0 - 30-10-2022 *\/\n.elementor-heading-title{padding:0;margin:0;line-height:1}.elementor-widget-heading .elementor-heading-title[class*=elementor-size-]>a{color:inherit;font-size:inherit;line-height:inherit}.elementor-widget-heading .elementor-heading-title.elementor-size-small{font-size:15px}.elementor-widget-heading .elementor-heading-title.elementor-size-medium{font-size:19px}.elementor-widget-heading .elementor-heading-title.elementor-size-large{font-size:29px}.elementor-widget-heading .elementor-heading-title.elementor-size-xl{font-size:39px}.elementor-widget-heading .elementor-heading-title.elementor-size-xxl{font-size:59px}<\/style><h2 class=\"elementor-heading-title elementor-size-default\">Visokoenergijske germicidne UVC re\u0161itve <\/h2>\t\t<\/div>\n\t\t\t\t<\/div>\n\t\t\t\t<div class=\"elementor-element elementor-element-090b0da elementor-invisible elementor-widget elementor-widget-heading\" data-id=\"090b0da\" data-element_type=\"widget\" data-settings=\"{&quot;_animation&quot;:&quot;fadeInUp&quot;,&quot;_animation_delay&quot;:200}\" data-widget_type=\"heading.default\">\n\t\t\t\t<div class=\"elementor-widget-container\">\n\t\t\t<h2 class=\"elementor-heading-title elementor-size-default\">Varnej\u0161e okolje, v katerem \u017eivimo, delamo in dihamo<\/h2>\t\t<\/div>\n\t\t\t\t<\/div>\n\t\t\t\t\t<\/div>\n\t\t<\/div>\n\t\t\t\t\t\t\t<\/div>\n\t\t<\/section>\n\t\t\t\t<section class=\"elementor-section elementor-top-section elementor-element elementor-element-cd84ceb dg-subhero-section elementor-section-boxed elementor-section-height-default elementor-section-height-default\" data-id=\"cd84ceb\" data-element_type=\"section\" data-settings=\"{&quot;animation&quot;:&quot;none&quot;,&quot;background_background&quot;:&quot;classic&quot;}\">\n\t\t\t\t\t\t<div class=\"elementor-container elementor-column-gap-no\">\n\t\t\t\t\t<div class=\"elementor-column elementor-col-100 elementor-top-column elementor-element elementor-element-9b30514\" data-id=\"9b30514\" data-element_type=\"column\" data-settings=\"{&quot;motion_fx_motion_fx_scrolling&quot;:&quot;yes&quot;,&quot;motion_fx_opacity_effect&quot;:&quot;yes&quot;,&quot;motion_fx_opacity_range&quot;:{&quot;unit&quot;:&quot;%&quot;,&quot;size&quot;:&quot;&quot;,&quot;sizes&quot;:{&quot;start&quot;:14,&quot;end&quot;:23}},&quot;motion_fx_devices&quot;:[&quot;desktop&quot;],&quot;motion_fx_range&quot;:&quot;viewport&quot;,&quot;animation&quot;:&quot;none&quot;,&quot;motion_fx_opacity_direction&quot;:&quot;out-in&quot;,&quot;motion_fx_opacity_level&quot;:{&quot;unit&quot;:&quot;px&quot;,&quot;size&quot;:10,&quot;sizes&quot;:[]}}\">\n\t\t\t<div class=\"elementor-widget-wrap elementor-element-populated\">\n\t\t\t\t\t\t\t\t<div class=\"elementor-element elementor-element-cce6133 elementor-invisible elementor-widget elementor-widget-heading\" data-id=\"cce6133\" data-element_type=\"widget\" data-settings=\"{&quot;_animation&quot;:&quot;fadeIn&quot;,&quot;_animation_delay&quot;:600}\" data-widget_type=\"heading.default\">\n\t\t\t\t<div class=\"elementor-widget-container\">\n\t\t\t<h2 class=\"elementor-heading-title elementor-size-default\">Resna re\u0161itev za resno te\u017eavo<\/h2>\t\t<\/div>\n\t\t\t\t<\/div>\n\t\t\t\t<div class=\"elementor-element elementor-element-18f1a89 elementor-invisible elementor-widget elementor-widget-text-editor\" data-id=\"18f1a89\" data-element_type=\"widget\" data-settings=\"{&quot;_animation&quot;:&quot;fadeIn&quot;,&quot;_animation_delay&quot;:800}\" data-widget_type=\"text-editor.default\">\n\t\t\t\t<div class=\"elementor-widget-container\">\n\t\t\t<style>\/*! elementor - v3.8.0 - 30-10-2022 *\/\n.elementor-widget-text-editor.elementor-drop-cap-view-stacked .elementor-drop-cap{background-color:#818a91;color:#fff}.elementor-widget-text-editor.elementor-drop-cap-view-framed .elementor-drop-cap{color:#818a91;border:3px solid;background-color:transparent}.elementor-widget-text-editor:not(.elementor-drop-cap-view-default) .elementor-drop-cap{margin-top:8px}.elementor-widget-text-editor:not(.elementor-drop-cap-view-default) .elementor-drop-cap-letter{width:1em;height:1em}.elementor-widget-text-editor .elementor-drop-cap{float:left;text-align:center;line-height:1;font-size:50px}.elementor-widget-text-editor .elementor-drop-cap-letter{display:inline-block}<\/style>\t\t\t\t<p>\u0160tevilne \u0161tudije so pokazale, da so sistemi za hlajenje in ogrevanje (HVAC) goji\u0161\u010da plesni, virusov in bakterij. Ti biolo\u0161ki delci lahko ostanejo v zraku ve\u010d ur in celo dni. Onesna\u017eijo lahko biofilme na hladilnih napravah va\u0161ega sistema za hlajenje in ogrevanje (HVAC), mutirajo in povzro\u010dajo oku\u017ebe, alergije, astmo in druge resne bolezni, \u010de baterije in drugi elementi HVAC-sistema niso obdelani z UVC-\u017earki.<\/p>\t\t\t\t\t\t<\/div>\n\t\t\t\t<\/div>\n\t\t\t\t\t<\/div>\n\t\t<\/div>\n\t\t\t\t\t\t\t<\/div>\n\t\t<\/section>\n\t\t\t\t<section class=\"elementor-section elementor-top-section elementor-element elementor-element-78704bf dg-services-section elementor-section-boxed elementor-section-height-default elementor-section-height-default\" data-id=\"78704bf\" data-element_type=\"section\" data-settings=\"{&quot;background_background&quot;:&quot;classic&quot;}\">\n\t\t\t\t\t\t<div class=\"elementor-container elementor-column-gap-no\">\n\t\t\t\t\t<div class=\"elementor-column elementor-col-100 elementor-top-column elementor-element elementor-element-877918d\" data-id=\"877918d\" data-element_type=\"column\">\n\t\t\t<div class=\"elementor-widget-wrap elementor-element-populated\">\n\t\t\t\t\t\t\t\t<div class=\"elementor-element elementor-element-b1f7289 elementor-widget elementor-widget-heading\" data-id=\"b1f7289\" data-element_type=\"widget\" data-widget_type=\"heading.default\">\n\t\t\t\t<div class=\"elementor-widget-container\">\n\t\t\t<h2 class=\"elementor-heading-title elementor-size-default\">Pri TeleGroup Slovenija smo naredili vse, da strankam pomagamo \u017eiveti in delati v varnem in zdravem okolju. V partnerstvu z ameri\u0161kim podjetjem Steril-Aire ponujamo germicidne UVC-re\u0161itve za dekontaminacijo va\u0161ih HVAC-sistemov in razku\u017eevanje trdih povr\u0161in v zaprtih prostorih. Kot rezultat kombinacije znanosti in tehnologije so na\u0161e re\u0161itve v prvi bojni vrsti, ko gre za obramo proti \u0161irjenju mikroorganizmov po zraku. Bolni\u0161nice, podjetja, lastniki stavb, tovarne, letali\u0161\u010da in \u0161ole po vsem svetu zaupajo UVC-re\u0161itvam Steril-Aire.<\/h2>\t\t<\/div>\n\t\t\t\t<\/div>\n\t\t\t\t<div class=\"elementor-element elementor-element-ee80246 elementor-invisible elementor-widget elementor-widget-heading\" data-id=\"ee80246\" data-element_type=\"widget\" data-settings=\"{&quot;_animation&quot;:&quot;fadeIn&quot;}\" data-widget_type=\"heading.default\">\n\t\t\t\t<div class=\"elementor-widget-container\">\n\t\t\t<h2 class=\"elementor-heading-title elementor-size-default\">Kako deluje UVC-sistem in kako je name\u0161\u010den?<\/h2>\t\t<\/div>\n\t\t\t\t<\/div>\n\t\t\t\t\t<\/div>\n\t\t<\/div>\n\t\t\t\t\t\t\t<\/div>\n\t\t<\/section>\n\t\t\t\t<section class=\"elementor-section elementor-top-section elementor-element elementor-element-12db23b dg-pg8-iphone-section dg-pg9-uvc-section elementor-section-boxed elementor-section-height-default elementor-section-height-default\" data-id=\"12db23b\" data-element_type=\"section\" data-settings=\"{&quot;background_background&quot;:&quot;classic&quot;}\">\n\t\t\t\t\t\t<div class=\"elementor-container elementor-column-gap-no\">\n\t\t\t\t\t<div class=\"elementor-column elementor-col-50 elementor-top-column elementor-element elementor-element-e949815\" data-id=\"e949815\" data-element_type=\"column\">\n\t\t\t<div class=\"elementor-widget-wrap elementor-element-populated\">\n\t\t\t\t\t\t\t\t<div class=\"elementor-element elementor-element-6f983d2 elementor-invisible elementor-widget elementor-widget-image\" data-id=\"6f983d2\" data-element_type=\"widget\" data-settings=\"{&quot;_animation&quot;:&quot;fadeIn&quot;}\" data-widget_type=\"image.default\">\n\t\t\t\t<div class=\"elementor-widget-container\">\n\t\t\t\t\t\t\t\t\t\t\t\t\t\t\t<img loading=\"lazy\" decoding=\"async\" width=\"505\" height=\"736\" src=\"https:\/\/telegroup.si\/wp-content\/uploads\/2021\/08\/uvc-1.png\" class=\"attachment-large size-large\" alt=\"\" srcset=\"https:\/\/telegroup.si\/wp-content\/uploads\/2021\/08\/uvc-1.png 505w, https:\/\/telegroup.si\/wp-content\/uploads\/2021\/08\/uvc-1-206x300.png 206w\" sizes=\"auto, (max-width: 505px) 100vw, 505px\" \/>\t\t\t\t\t\t\t\t\t\t\t\t\t\t\t<\/div>\n\t\t\t\t<\/div>\n\t\t\t\t\t<\/div>\n\t\t<\/div>\n\t\t\t\t<div class=\"elementor-column elementor-col-50 elementor-top-column elementor-element elementor-element-16a2d72\" data-id=\"16a2d72\" data-element_type=\"column\" data-settings=\"{&quot;animation&quot;:&quot;none&quot;}\">\n\t\t\t<div class=\"elementor-widget-wrap elementor-element-populated\">\n\t\t\t\t\t\t\t\t<div class=\"elementor-element elementor-element-c77fb00 elementor-invisible elementor-widget elementor-widget-text-editor\" data-id=\"c77fb00\" data-element_type=\"widget\" data-settings=\"{&quot;_animation&quot;:&quot;fadeIn&quot;}\" data-widget_type=\"text-editor.default\">\n\t\t\t\t<div class=\"elementor-widget-container\">\n\t\t\t\t\t\t\t<p><strong>UVC-sijalke Sterile-Aire<\/strong> uporabljajo ultravijoli\u010dno svetlobo C (UVC), ki prodre neposredno v DNA in RNA mikroorganizmov, jih uni\u010di na celi\u010dni ravni in na ta na\u010din prepre\u010di njihovo razmno\u017eevanje. <br \/>Klini\u010dno dokazano uni\u010dujejo 99,99 % bakterijskih vrst in izjemno u\u010dinkovito prepre\u010dujejo \u0161irjenje virusov, vklju\u010dno z gripo, koronavirusom\/SARS, o\u0161picami in rde\u010dkami.<\/p><p>UVC-sijalke se enostavno namestijo neposredno pred hladilnik ali na odtok v va\u0161em HVAC-sistemu, kar zagotavlja njegovo nemoteno delovanje in hkrati omogo\u010da visoko kakovost zraka. <br \/>Sistemsko zasnovani UVC-sevalniki so odli\u010dna re\u0161itev za nadgradnjo va\u0161ega obstoje\u010dega ali novega sistema za hlajenje in ogrevanje (HVAC). Ta okoljsko u\u010dinkovita re\u0161itev ne proizvaja ozona ali sekundarnih snovi, ki bi lahko onesna\u017eevale okolje.<\/p>\t\t\t\t\t\t<\/div>\n\t\t\t\t<\/div>\n\t\t\t\t<div class=\"elementor-element elementor-element-1e58fd5 elementor-widget__width-auto elementor-widget-mobile__width-auto dg-play-button elementor-view-default elementor-invisible elementor-widget elementor-widget-icon\" data-id=\"1e58fd5\" data-element_type=\"widget\" data-settings=\"{&quot;_animation&quot;:&quot;fadeIn&quot;}\" data-widget_type=\"icon.default\">\n\t\t\t\t<div class=\"elementor-widget-container\">\n\t\t\t\t\t<div class=\"elementor-icon-wrapper\">\n\t\t\t<a class=\"elementor-icon elementor-animation-pulse\" href=\"#elementor-action%3Aaction%3Dlightbox%26settings%3DeyJ0eXBlIjoidmlkZW8iLCJ2aWRlb1R5cGUiOiJ5b3V0dWJlIiwidXJsIjoiaHR0cHM6XC9cL3d3dy55b3V0dWJlLmNvbVwvZW1iZWRcL2NWWVpqMVpScWs0P2ZlYXR1cmU9b2VtYmVkIn0%3D\">\n\t\t\t<svg xmlns=\"http:\/\/www.w3.org\/2000\/svg\" id=\"Component_24_1\" data-name=\"Component 24 &#x2013; 1\" width=\"113.58\" height=\"113.58\" viewBox=\"0 0 113.58 113.58\"><path id=\"Path_159\" data-name=\"Path 159\" d=\"M56.79,0A56.79,56.79,0,1,1,0,56.79,56.79,56.79,0,0,1,56.79,0Z\" transform=\"translate(113.58) rotate(90)\"><\/path><path id=\"Polygon_1\" data-name=\"Polygon 1\" d=\"M16,0,32,28H0Z\" transform=\"translate(74.79 40.79) rotate(90)\" fill=\"#fff\"><\/path><\/svg>\t\t\t<\/a>\n\t\t<\/div>\n\t\t\t\t<\/div>\n\t\t\t\t<\/div>\n\t\t\t\t<div class=\"elementor-element elementor-element-0374cee elementor-widget__width-auto dg-pg9-uvc-button-heading elementor-invisible elementor-widget elementor-widget-heading\" data-id=\"0374cee\" data-element_type=\"widget\" data-settings=\"{&quot;_animation&quot;:&quot;fadeIn&quot;}\" data-widget_type=\"heading.default\">\n\t\t\t\t<div class=\"elementor-widget-container\">\n\t\t\t<h2 class=\"elementor-heading-title elementor-size-default\">Oglejte si zmogljiv UVC-sistema za HVAC<\/h2>\t\t<\/div>\n\t\t\t\t<\/div>\n\t\t\t\t\t<\/div>\n\t\t<\/div>\n\t\t\t\t\t\t\t<\/div>\n\t\t<\/section>\n\t\t\t\t<section class=\"elementor-section elementor-top-section elementor-element elementor-element-778a80f dg-services-section elementor-section-boxed elementor-section-height-default elementor-section-height-default\" data-id=\"778a80f\" data-element_type=\"section\" data-settings=\"{&quot;background_background&quot;:&quot;classic&quot;}\">\n\t\t\t\t\t\t<div class=\"elementor-container elementor-column-gap-no\">\n\t\t\t\t\t<div class=\"elementor-column elementor-col-100 elementor-top-column elementor-element elementor-element-ba3553d\" data-id=\"ba3553d\" data-element_type=\"column\">\n\t\t\t<div class=\"elementor-widget-wrap elementor-element-populated\">\n\t\t\t\t\t\t\t\t<section class=\"elementor-section elementor-inner-section elementor-element elementor-element-ab8517a elementor-section-boxed elementor-section-height-default elementor-section-height-default\" data-id=\"ab8517a\" data-element_type=\"section\" data-settings=\"{&quot;motion_fx_motion_fx_scrolling&quot;:&quot;yes&quot;,&quot;motion_fx_opacity_effect&quot;:&quot;yes&quot;,&quot;motion_fx_opacity_range&quot;:{&quot;unit&quot;:&quot;%&quot;,&quot;size&quot;:&quot;&quot;,&quot;sizes&quot;:{&quot;start&quot;:20,&quot;end&quot;:40}},&quot;motion_fx_devices&quot;:[&quot;desktop&quot;],&quot;motion_fx_range&quot;:&quot;viewport&quot;,&quot;motion_fx_opacity_direction&quot;:&quot;out-in&quot;,&quot;motion_fx_opacity_level&quot;:{&quot;unit&quot;:&quot;px&quot;,&quot;size&quot;:10,&quot;sizes&quot;:[]}}\">\n\t\t\t\t\t\t<div class=\"elementor-container elementor-column-gap-default\">\n\t\t\t\t\t<div class=\"elementor-column elementor-col-100 elementor-inner-column elementor-element elementor-element-8c99baf dg-services-iconbox-column\" data-id=\"8c99baf\" data-element_type=\"column\">\n\t\t\t<div class=\"elementor-widget-wrap elementor-element-populated\">\n\t\t\t\t\t\t\t\t<div class=\"elementor-element elementor-element-12d3686 dg-services-iconbox dg-services-iconbox-pg3 elementor-view-default elementor-vertical-align-top elementor-invisible elementor-widget elementor-widget-icon-box\" data-id=\"12d3686\" data-element_type=\"widget\" data-settings=\"{&quot;_animation&quot;:&quot;fadeIn&quot;}\" data-widget_type=\"icon-box.default\">\n\t\t\t\t<div class=\"elementor-widget-container\">\n\t\t\t<link rel=\"stylesheet\" href=\"https:\/\/telegroup.si\/wp-content\/plugins\/elementor\/assets\/css\/widget-icon-box.min.css\">\t\t<div class=\"elementor-icon-box-wrapper\">\n\t\t\t\t\t\t<div class=\"elementor-icon-box-content\">\n\t\t\t\t<h3 class=\"elementor-icon-box-title\">\n\t\t\t\t\t<span  >\n\t\t\t\t\t\tKaj ponujamo\t\t\t\t\t<\/span>\n\t\t\t\t<\/h3>\n\t\t\t\t\t\t\t\t\t<p class=\"elementor-icon-box-description\">\n\t\t\t\t\t\t\u2014   Re\u0161itve za HVAC-tuljave in airstream re\u0161itve<br>\n\u2014   Vgradni in ro\u010dni<br>\n\u2014   Nadomestni sevalniki in deli<br>\n\u2014   Dodatki<br>\t\t\t\t\t<\/p>\n\t\t\t\t\t\t\t<\/div>\n\t\t<\/div>\n\t\t\t\t<\/div>\n\t\t\t\t<\/div>\n\t\t\t\t<div class=\"elementor-element elementor-element-9a83f40 dg-services-iconbox dg-services-iconbox-pg3 elementor-view-default elementor-vertical-align-top elementor-invisible elementor-widget elementor-widget-icon-box\" data-id=\"9a83f40\" data-element_type=\"widget\" data-settings=\"{&quot;_animation&quot;:&quot;fadeIn&quot;,&quot;_animation_delay&quot;:100}\" data-widget_type=\"icon-box.default\">\n\t\t\t\t<div class=\"elementor-widget-container\">\n\t\t\t\t\t<div class=\"elementor-icon-box-wrapper\">\n\t\t\t\t\t\t<div class=\"elementor-icon-box-content\">\n\t\t\t\t<h3 class=\"elementor-icon-box-title\">\n\t\t\t\t\t<span  >\n\t\t\t\t\t\tKaj vam sistem \u0161e lahko ponudi?\t\t\t\t\t<\/span>\n\t\t\t\t<\/h3>\n\t\t\t\t\t\t\t\t\t<p class=\"elementor-icon-box-description\">\n\t\t\t\t\t\t\u2014   Do 15 % manj\u0161o porabo elektri\u010dne energije\n<br>\n\u2014  Znatno izbolj\u0161a kakovost zraka v zaprtih prostorih (IAQ)\n<br>\n\u2014   Optimizira delovanje sistema za hlajenje in ogrevanje (HVAC)<br>\n\u2014   Zmanj\u0161a porabo vode<br>\n\u2014   Zni\u017ea stro\u0161ke vzdr\u017eevanja<br>\n\u2014   Donosnost nalo\u017ebe kraj\u0161a od 24 mesecev<br>\t\t\t\t\t<\/p>\n\t\t\t\t\t\t\t<\/div>\n\t\t<\/div>\n\t\t\t\t<\/div>\n\t\t\t\t<\/div>\n\t\t\t\t\t<\/div>\n\t\t<\/div>\n\t\t\t\t\t\t\t<\/div>\n\t\t<\/section>\n\t\t\t\t<div class=\"elementor-element elementor-element-5ac5e0e elementor-widget elementor-widget-heading\" data-id=\"5ac5e0e\" data-element_type=\"widget\" data-widget_type=\"heading.default\">\n\t\t\t\t<div class=\"elementor-widget-container\">\n\t\t\t<h2 class=\"elementor-heading-title elementor-size-default\">Ste pripravljeni izvedeti ve\u010d o visokoenergetskih germicidnih UVC-re\u0161itvah Steril-Aire?\nPOKLI\u010cITE NAS na +386 1 23 555 64<\/h2>\t\t<\/div>\n\t\t\t\t<\/div>\n\t\t\t\t\t<\/div>\n\t\t<\/div>\n\t\t\t\t\t\t\t<\/div>\n\t\t<\/section>\n\t\t\t\t<section class=\"elementor-section elementor-top-section elementor-element elementor-element-eaf7a7a dg-lets-section elementor-section-boxed elementor-section-height-default elementor-section-height-default\" data-id=\"eaf7a7a\" data-element_type=\"section\" data-settings=\"{&quot;background_background&quot;:&quot;classic&quot;}\">\n\t\t\t\t\t\t<div class=\"elementor-container elementor-column-gap-no\">\n\t\t\t\t\t<div class=\"elementor-column elementor-col-100 elementor-top-column elementor-element elementor-element-8103bc4\" data-id=\"8103bc4\" data-element_type=\"column\">\n\t\t\t<div class=\"elementor-widget-wrap elementor-element-populated\">\n\t\t\t\t\t\t\t\t<div class=\"elementor-element elementor-element-3e9120a dg-lets-heading elementor-invisible elementor-widget elementor-widget-heading\" data-id=\"3e9120a\" data-element_type=\"widget\" data-settings=\"{&quot;_animation&quot;:&quot;fadeIn&quot;}\" data-widget_type=\"heading.default\">\n\t\t\t\t<div class=\"elementor-widget-container\">\n\t\t\t<h2 class=\"elementor-heading-title elementor-size-default\">Pove\u017eimo se.\n<br>\n<span class=\"grey-heading-text\">Naj vam poka\u017eemo, kako preoblikovati va\u0161e okolje v varnej\u0161i prostor, kjer boste \u017eiveli, delali in dihali. <\/span>\n<\/h2>\t\t<\/div>\n\t\t\t\t<\/div>\n\t\t\t\t<div class=\"elementor-element elementor-element-cfddc8e elementor-mobile-align-center animated-fast elementor-invisible elementor-widget elementor-widget-button\" data-id=\"cfddc8e\" data-element_type=\"widget\" data-settings=\"{&quot;_animation&quot;:&quot;fadeInUp&quot;,&quot;_animation_delay&quot;:200}\" data-widget_type=\"button.default\">\n\t\t\t\t<div class=\"elementor-widget-container\">\n\t\t\t\t\t<div class=\"elementor-button-wrapper\">\n\t\t\t<a href=\"https:\/\/telegroup.si\/sl\/kontaktirajte-nas\/\" class=\"elementor-button-link elementor-button elementor-size-sm elementor-animation-grow\" role=\"button\">\n\t\t\t\t\t\t<span class=\"elementor-button-content-wrapper\">\n\t\t\t\t\t\t<span class=\"elementor-button-text\">Schedule a Presentation<\/span>\n\t\t<\/span>\n\t\t\t\t\t<\/a>\n\t\t<\/div>\n\t\t\t\t<\/div>\n\t\t\t\t<\/div>\n\t\t\t\t\t<\/div>\n\t\t<\/div>\n\t\t\t\t\t\t\t<\/div>\n\t\t<\/section>\n\t\t\t\t\t\t\t<\/div>\n\t\t","protected":false},"excerpt":{"rendered":"<p>Visokoenergijske germicidne UVC re\u0161itve Varnej\u0161e okolje, v katerem \u017eivimo, delamo in dihamo Resna re\u0161itev za resno te\u017eavo \u0160tevilne \u0161tudije so pokazale, da so sistemi za hlajenje in ogrevanje (HVAC) goji\u0161\u010da plesni, virusov in bakterij. Ti biolo\u0161ki delci lahko ostanejo v zraku ve\u010d ur in celo dni. Onesna\u017eijo lahko biofilme na hladilnih napravah va\u0161ega sistema za [&hellip;]<\/p>\n","protected":false},"author":2,"featured_media":0,"parent":0,"menu_order":0,"comment_status":"closed","ping_status":"closed","template":"","meta":{"inline_featured_image":false,"footnotes":""},"class_list":["post-9200","page","type-page","status-publish","hentry"],"_links":{"self":[{"href":"https:\/\/telegroup.si\/sl\/wp-json\/wp\/v2\/pages\/9200","targetHints":{"allow":["GET"]}}],"collection":[{"href":"https:\/\/telegroup.si\/sl\/wp-json\/wp\/v2\/pages"}],"about":[{"href":"https:\/\/telegroup.si\/sl\/wp-json\/wp\/v2\/types\/page"}],"author":[{"embeddable":true,"href":"https:\/\/telegroup.si\/sl\/wp-json\/wp\/v2\/users\/2"}],"replies":[{"embeddable":true,"href":"https:\/\/telegroup.si\/sl\/wp-json\/wp\/v2\/comments?post=9200"}],"version-history":[{"count":3,"href":"https:\/\/telegroup.si\/sl\/wp-json\/wp\/v2\/pages\/9200\/revisions"}],"predecessor-version":[{"id":10649,"href":"https:\/\/telegroup.si\/sl\/wp-json\/wp\/v2\/pages\/9200\/revisions\/10649"}],"wp:attachment":[{"href":"https:\/\/telegroup.si\/sl\/wp-json\/wp\/v2\/media?parent=9200"}],"curies":[{"name":"wp","href":"https:\/\/api.w.org\/{rel}","templated":true}]}}