{"id":9403,"date":"2021-09-01T00:17:05","date_gmt":"2021-09-01T00:17:05","guid":{"rendered":"https:\/\/diagram.si\/terms-and-conditions\/"},"modified":"2022-07-12T10:20:13","modified_gmt":"2022-07-12T10:20:13","slug":"pogoji-in-dolocila","status":"publish","type":"page","link":"https:\/\/telegroup.si\/sl\/pogoji-in-dolocila\/","title":{"rendered":"Pogoji In Dolo\u010dila"},"content":{"rendered":"\t\t<div data-elementor-type=\"wp-page\" data-elementor-id=\"9403\" class=\"elementor elementor-9403\">\n\t\t\t\t\t\t\t\t\t<section class=\"elementor-section elementor-top-section elementor-element elementor-element-88497a4 dg-pg12-contact-section elementor-section-boxed elementor-section-height-default elementor-section-height-default\" data-id=\"88497a4\" data-element_type=\"section\" data-settings=\"{&quot;background_background&quot;:&quot;classic&quot;}\">\n\t\t\t\t\t\t<div class=\"elementor-container elementor-column-gap-no\">\n\t\t\t\t\t<div class=\"elementor-column elementor-col-100 elementor-top-column elementor-element elementor-element-a72728c\" data-id=\"a72728c\" data-element_type=\"column\">\n\t\t\t<div class=\"elementor-widget-wrap elementor-element-populated\">\n\t\t\t\t\t\t\t\t<div class=\"elementor-element elementor-element-391f5c2 elementor-widget elementor-widget-heading\" data-id=\"391f5c2\" data-element_type=\"widget\" data-widget_type=\"heading.default\">\n\t\t\t\t<div class=\"elementor-widget-container\">\n\t\t\t<style>\/*! elementor - v3.8.0 - 30-10-2022 *\/\n.elementor-heading-title{padding:0;margin:0;line-height:1}.elementor-widget-heading .elementor-heading-title[class*=elementor-size-]>a{color:inherit;font-size:inherit;line-height:inherit}.elementor-widget-heading .elementor-heading-title.elementor-size-small{font-size:15px}.elementor-widget-heading .elementor-heading-title.elementor-size-medium{font-size:19px}.elementor-widget-heading .elementor-heading-title.elementor-size-large{font-size:29px}.elementor-widget-heading .elementor-heading-title.elementor-size-xl{font-size:39px}.elementor-widget-heading .elementor-heading-title.elementor-size-xxl{font-size:59px}<\/style><h2 class=\"elementor-heading-title elementor-size-default\">Pogoji in dolo\u010dila<\/h2>\t\t<\/div>\n\t\t\t\t<\/div>\n\t\t\t\t<div class=\"elementor-element elementor-element-4721c9b elementor-widget elementor-widget-text-editor\" data-id=\"4721c9b\" data-element_type=\"widget\" data-widget_type=\"text-editor.default\">\n\t\t\t\t<div class=\"elementor-widget-container\">\n\t\t\t<style>\/*! elementor - v3.8.0 - 30-10-2022 *\/\n.elementor-widget-text-editor.elementor-drop-cap-view-stacked .elementor-drop-cap{background-color:#818a91;color:#fff}.elementor-widget-text-editor.elementor-drop-cap-view-framed .elementor-drop-cap{color:#818a91;border:3px solid;background-color:transparent}.elementor-widget-text-editor:not(.elementor-drop-cap-view-default) .elementor-drop-cap{margin-top:8px}.elementor-widget-text-editor:not(.elementor-drop-cap-view-default) .elementor-drop-cap-letter{width:1em;height:1em}.elementor-widget-text-editor .elementor-drop-cap{float:left;text-align:center;line-height:1;font-size:50px}.elementor-widget-text-editor .elementor-drop-cap-letter{display:inline-block}<\/style>\t\t\t\t<p>Spletno mesto www.telegroup.si je v lasti in upravljano s strani dru\u017ebe TeleGroup Slovenija d.o.o. (v nadaljevanju TeleGroup Slovenija). Dokumenti, podatki in informacije, objavljeni na na\u0161i spletni strani, se ne smejo na noben na\u010din posredovati ali uporabljati v komercialne namene brez izrecnega soglasja TeleGroup Slovenija ali na kakr\u0161en koli na\u010din, ki bi lahko povzro\u010dil \u0161kodo TeleGroup Slovenija ali kateri koli tretji osebi. Dokumenti, fotografije, podatki in informacije, objavljene na tej spletni strani, se lahko uporabljajo samo za individualne potrebe obiskovalcev spletne strani (v nadaljnjem besedilu: Uporabnik) v skladu z vsemi avtorskimi in lastninskimi pravicami in pravicami tretjih oseb.<\/p><p>Uporabnik sprejema vsa tveganja, ki izhajajo iz uporabe spletne strani telegroup.si.<\/p><p>Spletno mesto telegroup.si uporablja tako imenovane pi\u0161kotke v skladu s Pravilnikom o pi\u0161kotkih.<\/p><p>TeleGroup Slovenija se zavezuje, da bo spo\u0161toval anonimnost in zasebnost uporabnikov spletnega mesta telegroup.si v skladu s pozitivnimi predpisi in Pravilnikom o varstvu osebnih podatkov.<\/p><p>TeleGroup Slovenija v celoti zavra\u010da vso in kakr\u0161no koli odgovornost, ki lahko na kakr\u0161en koli na\u010din nastane ali je na kakr\u0161en koli na\u010din povezana z uporabo te spletne strani, oz. kakr\u0161no koli \u0161kodo, ki bi lahko nastala uporabniku ali kateri koli tretji osebi v zvezi z uporabo vsebine spletnega mesta telegroup.si.<\/p><p>Spletno mesto telegroup.si vsebuje informacije o na\u0161ih re\u0161itvah in storitvah ter povezave do drugih spletnih mest, ki so jih ustvarile tretje osebe in bodo ozna\u010dene kot take, kadar koli je to mogo\u010de. TeleGroup Slovenija nima nadzora nad objavljenimi informacijami ali drugimi spletnimi mesti in zavra\u010da vso odgovornost za to\u010dnost in razpolo\u017eljivost vsebin na spletnih mestih, ki so jih ustvarile tretje osebe.<\/p><p>Z uporabo spletnega mesta telegroup.si se \u0161teje, da je uporabnik seznanjen s temi splo\u0161nimi pogoji in dolo\u010dili, vklju\u010dno z dolo\u010dbami o obdelavi osebnih podatkov in mo\u017enostmi, povezanimi s pi\u0161kotki, ter da se z njimi strinja.<\/p><p>TeleGroup Slovenija si pridr\u017euje pravico, da v skladu s svojo poslovno politiko ali spremembami pozitivnih predpisov spremeni splo\u0161ne pogoje uporabe spletnega mesta, o \u010demer obvesti uporabnike na obi\u010dajen na\u010din.<\/p>\t\t\t\t\t\t<\/div>\n\t\t\t\t<\/div>\n\t\t\t\t\t<\/div>\n\t\t<\/div>\n\t\t\t\t\t\t\t<\/div>\n\t\t<\/section>\n\t\t\t\t\t\t\t<\/div>\n\t\t","protected":false},"excerpt":{"rendered":"<p>Pogoji in dolo\u010dila Spletno mesto www.telegroup.si je v lasti in upravljano s strani dru\u017ebe TeleGroup Slovenija d.o.o. (v nadaljevanju TeleGroup Slovenija). Dokumenti, podatki in informacije, objavljeni na na\u0161i spletni strani, se ne smejo na noben na\u010din posredovati ali uporabljati v komercialne namene brez izrecnega soglasja TeleGroup Slovenija ali na kakr\u0161en koli na\u010din, ki bi lahko [&hellip;]<\/p>\n","protected":false},"author":1,"featured_media":0,"parent":0,"menu_order":0,"comment_status":"closed","ping_status":"closed","template":"","meta":{"inline_featured_image":false,"footnotes":""},"class_list":["post-9403","page","type-page","status-publish","hentry"],"_links":{"self":[{"href":"https:\/\/telegroup.si\/sl\/wp-json\/wp\/v2\/pages\/9403","targetHints":{"allow":["GET"]}}],"collection":[{"href":"https:\/\/telegroup.si\/sl\/wp-json\/wp\/v2\/pages"}],"about":[{"href":"https:\/\/telegroup.si\/sl\/wp-json\/wp\/v2\/types\/page"}],"author":[{"embeddable":true,"href":"https:\/\/telegroup.si\/sl\/wp-json\/wp\/v2\/users\/1"}],"replies":[{"embeddable":true,"href":"https:\/\/telegroup.si\/sl\/wp-json\/wp\/v2\/comments?post=9403"}],"version-history":[{"count":6,"href":"https:\/\/telegroup.si\/sl\/wp-json\/wp\/v2\/pages\/9403\/revisions"}],"predecessor-version":[{"id":10569,"href":"https:\/\/telegroup.si\/sl\/wp-json\/wp\/v2\/pages\/9403\/revisions\/10569"}],"wp:attachment":[{"href":"https:\/\/telegroup.si\/sl\/wp-json\/wp\/v2\/media?parent=9403"}],"curies":[{"name":"wp","href":"https:\/\/api.w.org\/{rel}","templated":true}]}}