{"id":9407,"date":"2021-07-31T22:37:49","date_gmt":"2021-07-31T22:37:49","guid":{"rendered":"https:\/\/diagram.si\/privacy-policy\/"},"modified":"2022-07-12T10:12:06","modified_gmt":"2022-07-12T10:12:06","slug":"pravilnik-o-varstvu-osebnih-podatkov","status":"publish","type":"page","link":"https:\/\/telegroup.si\/sl\/pravilnik-o-varstvu-osebnih-podatkov\/","title":{"rendered":"Pravilnik o Varstvu Osebnih Podatkov"},"content":{"rendered":"\t\t<div data-elementor-type=\"wp-page\" data-elementor-id=\"9407\" class=\"elementor elementor-9407\">\n\t\t\t\t\t\t\t\t\t<section class=\"elementor-section elementor-top-section elementor-element elementor-element-f318c3d dg-pg12-contact-section elementor-section-boxed elementor-section-height-default elementor-section-height-default\" data-id=\"f318c3d\" data-element_type=\"section\" data-settings=\"{&quot;background_background&quot;:&quot;classic&quot;}\">\n\t\t\t\t\t\t<div class=\"elementor-container elementor-column-gap-no\">\n\t\t\t\t\t<div class=\"elementor-column elementor-col-100 elementor-top-column elementor-element elementor-element-2a4d6a6\" data-id=\"2a4d6a6\" data-element_type=\"column\">\n\t\t\t<div class=\"elementor-widget-wrap elementor-element-populated\">\n\t\t\t\t\t\t\t\t<div class=\"elementor-element elementor-element-8a051ea elementor-widget elementor-widget-heading\" data-id=\"8a051ea\" data-element_type=\"widget\" data-widget_type=\"heading.default\">\n\t\t\t\t<div class=\"elementor-widget-container\">\n\t\t\t<style>\/*! elementor - v3.8.0 - 30-10-2022 *\/\n.elementor-heading-title{padding:0;margin:0;line-height:1}.elementor-widget-heading .elementor-heading-title[class*=elementor-size-]>a{color:inherit;font-size:inherit;line-height:inherit}.elementor-widget-heading .elementor-heading-title.elementor-size-small{font-size:15px}.elementor-widget-heading .elementor-heading-title.elementor-size-medium{font-size:19px}.elementor-widget-heading .elementor-heading-title.elementor-size-large{font-size:29px}.elementor-widget-heading .elementor-heading-title.elementor-size-xl{font-size:39px}.elementor-widget-heading .elementor-heading-title.elementor-size-xxl{font-size:59px}<\/style><h2 class=\"elementor-heading-title elementor-size-default\">Pravilnik o varstvu osebnih podatkov<\/h2>\t\t<\/div>\n\t\t\t\t<\/div>\n\t\t\t\t<div class=\"elementor-element elementor-element-6054238 elementor-widget elementor-widget-text-editor\" data-id=\"6054238\" data-element_type=\"widget\" data-widget_type=\"text-editor.default\">\n\t\t\t\t<div class=\"elementor-widget-container\">\n\t\t\t<style>\/*! elementor - v3.8.0 - 30-10-2022 *\/\n.elementor-widget-text-editor.elementor-drop-cap-view-stacked .elementor-drop-cap{background-color:#818a91;color:#fff}.elementor-widget-text-editor.elementor-drop-cap-view-framed .elementor-drop-cap{color:#818a91;border:3px solid;background-color:transparent}.elementor-widget-text-editor:not(.elementor-drop-cap-view-default) .elementor-drop-cap{margin-top:8px}.elementor-widget-text-editor:not(.elementor-drop-cap-view-default) .elementor-drop-cap-letter{width:1em;height:1em}.elementor-widget-text-editor .elementor-drop-cap{float:left;text-align:center;line-height:1;font-size:50px}.elementor-widget-text-editor .elementor-drop-cap-letter{display:inline-block}<\/style>\t\t\t\t<p><span style=\"text-decoration: underline;\">UVOD<\/span><\/p><p>Priporo\u010damo vam, da natan\u010dno preberete ta pravilnik o zasebnosti (v nadaljevanju \u00bbpravilnik\u00ab), ki se lahko ob\u010dasno spremeni ali dopolni, da odra\u017ea spremembe v na\u0161i praksi v zvezi z obdelavo osebnih podatkov ali spremembe v ustreznih zakonih in predpisih. Vse nadaljnje spremembe pravilnika bodo takoj objavljene na na\u0161i spletni strani.<\/p><p>Za nekatere izdelke\/re\u0161itve na\u0161ih podizvajalcev veljajo njihova posebna pravila o zasebnosti, ki niso v na\u0161i pristojnosti. Pri TeleGroup Slovenija po potrebi priskrbimo vse potrebne informacije in, kjer je to mogo\u010de, na na\u0161i spletni strani objavimo tudi vidno povezavo do uradne prodajne strani podizvajalca.<\/p><p>Vsaka uporaba na\u0161e spletne strani je odvisna od na\u0161ih Splo\u0161nih pogojev uporabe spletnih strani TeleGroup Slovenija in Pravilnika o pi\u0161kotkih na spletnih straneh podjetja TeleGroup Slovenija.<\/p><ol><li><span style=\"text-decoration: underline;\">NAMEN PRAVILNIKA<\/span><\/li><\/ol><p>Pravilnik kot upravljavec osebnih podatkov izda dru\u017eba TeleGroup Slovenija d. o. o. (v nadaljevanju TeleGroup Slovenija) kot izraz svoje zavezanosti zasebnosti in varovanju osebnih podatkov s spo\u0161tovanjem zakonodaje in predpisov, ki to urejajo v vseh dr\u017eavah, kjer delujemo, pa tudi med uporabo na\u0161ega spletnega mesta s strani vseh zainteresiranih strani (v nadaljevanju uporabnik oz. uporabniki).<\/p><ol start=\"2\"><li><span style=\"text-decoration: underline;\">NAMEN, PODRO\u010cJE UPORABE IN IMPLEMENTACIJA<\/span><\/li><\/ol><p>Pravilnik je namenjen vsaki osebi, katere osebne podatke zbiramo in obdelujemo mi, izven na\u0161e organizacije, s komer komuniciramo, vklju\u010dno z obiskovalci na\u0161ega spletnega mesta in drugi uporabniki na\u0161ih storitev.<\/p><p>Ta pravilnik dolo\u010da osnovna na\u010dela, na podlagi katerih TeleGroup Slovenija zbira, uporablja in obdeluje osebne podatke svojih poslovnih partnerjev: kupcev, dobaviteljev, podizvajalcev in vseh drugih posameznikov. Mladoletniki, mlaj\u0161i od osemnajst let, ne izpolnjujejo pogojev za uporabo na\u0161e internetne strani, zato mladoletnike lepo prosimo, da nam ne razkrijejo nobenih svojih podatkov in ne uporabljajo nobene storitve, ki jo ponuja na\u0161a spletna stran ali se nudi prek nje.<\/p><p>S tem pravilnikom TeleGroup Slovenija dolo\u010da obveznosti in odgovornosti vseh svojih poslovnih organizacijskih enot in neposredno ali posredno kontroliranih povezanih pravnih oseb in njihovih zaposlenih, med in v zvezi z obdelavo osebnih podatkov. Prenos odgovornosti za varovanje zasebnosti na podizvajalce ureja sporazum za vsak posamezen projekt.<\/p><p>Lastnik tega pravilnika, odgovoren za njegovo ustreznost in posodabljanje, je generalni direktor.<\/p><p>Oseba, odgovorna za dosledno izvajanje te politike, je direktor podjetja TeleGroup Slovenija.<\/p><ol start=\"3\"><li><span style=\"text-decoration: underline;\">REFEREN\u010cNI DOKUMENTI<\/span><\/li><\/ol><ul><li>Zakon o varstvu osebnih podatkov Republike Slovenije<\/li><li>Uredba EU o varstvu osebnih podatkov \u2013 GDPR<\/li><li>Splo\u0161ni pogoji uporabe na\u0161ih spletnih strani<\/li><li>Pravilnik o pi\u0161kotkih na na\u0161i spletni strani<\/li><li>Pravilnik o organizaciji in sistematizaciji delovnih mest<\/li><li>Zahteva za uveljavljanje pravic<\/li><\/ul><ol start=\"4\"><li><span style=\"text-decoration: underline;\">OSNOVNI POGOJI, OPREDELITVE POJMOV IN OKRAJ\u0160AVE<\/span><\/li><\/ol><p><strong>Upravljavec<\/strong>: Fizi\u010dna ali pravna oseba, organ, agencija ali drug organ, ki sam ali skupaj z drugimi organi dolo\u010da namene in sredstva obdelave osebnih podatkov. Subjekt, ki odlo\u010da, kako in zakaj se osebni podatki obdelujejo. On\/ona ima glavno odgovornost za skladnost z veljavno zakonodajo o varstvu osebnih podatkov.<\/p><p><strong>Nadzorni organ<\/strong>: Neodvisen javni organ, ki ima pravno nalogo spremljanja skladnosti z veljavnimi zakoni o varstvu podatkov.<\/p><p><strong>Osebni podatki: <\/strong>So vsi podatki, ki se nana\u0161ajo na posameznika, katerega identiteta je dolo\u010dena ali jo je mogo\u010de dolo\u010diti na podlagi teh podatkov.<\/p><p><strong>Predelava: <\/strong>Pomeni vse, kar je opravljeno s katerimi koli osebnimi podatki, s pomo\u010djo avtomatiziranega procesa ali kako druga\u010de, kot je: zbiranje, bele\u017eenje, urejanje, strukturiranje, shranjevanje, prilagajanje ali spreminjanje, iskanje, vpogled, uporaba, razkritje s prenosom, \u0161irjenjem ali dajanjem na voljo na kakr\u0161en koli na\u010din, z uskladitvijo ali kombinacijo, omejitvijo, izbrisom ali uni\u010denjem.<\/p><p><strong>Obdelovalec:<\/strong>\u00a0Se nana\u0161a na katero koli fizi\u010dno ali pravno osebo, organ, agencijo ali drug organ, ki izvaja obdelavo osebnih podatkov v imenu upravljavca.<\/p><p><strong>Anonimizacija<\/strong>: Osebni podatki so nepovratno razosebljeni tako, da osebe ni mogo\u010de dolo\u010diti v razumnem \u010dasu, z uporabo razumnih stro\u0161kov in tehnologije, bodisi s strani upravljavca ali katere koli druge osebe. Ker anonimni podatki niso ve\u010d osebni podatki, zanje ne valjajo na\u010dela obdelave osebnih podatkov.<\/p><p><strong>Psevdonimizacija<\/strong>: Obdelava osebnih podatkov na tak na\u010din, da osebnih podatkov ni mogo\u010de ve\u010d pripisati dolo\u010denemu posamezniku, na katerega se nana\u0161ajo osebni podatki, brez uporabe dodatnih informacij, pod pogojem, da se tak\u0161ni dodatni podatki hranijo lo\u010deno in so predmet tehni\u010dnih in organizacijskih ukrepov za zagotovitev, da niso povezani z nobeno osebo. Psevdonimizacija zmanj\u0161uje mo\u017enost povezati osebne podatke s posameznikom, na katerega se nana\u0161ajo, vendar je ne odpravlja v celoti. Ker so psevdonimizirani podatki \u0161e vedno osebni podatki, mora biti obdelava psevdonimiziranih podatkov v skladu z na\u010deli obdelave osebnih podatkov.<\/p><p><strong>ZVOP: <\/strong>Zakon o varstvu osebnih podatkov Republike Slovenije<\/p><ol start=\"5\"><li><span style=\"text-decoration: underline;\">OSEBNI PODATKI, KI SO ZBIRANI IN OBDELANI<\/span><\/li><\/ol><ul><li>Ime in priimek<\/li><li>Ime delodajalca<\/li><li>Naslov delodajalca<\/li><li>Polo\u017eaj\/funkcija pri delodajalcu<\/li><li>Profesionalne kvalifikacije<\/li><li>Kontaktni podatki: mobilna in slu\u017ebena tel. \u0161t., e-po\u0161tni naslov<\/li><li>Podatki s profilov na dru\u017ebenih omre\u017ejih<\/li><li>\u010clanstvo v strokovnih zdru\u017eenjih, organizacijah itd.<\/li><li>Informacije o interakciji uporabnika z na\u0161im spletnim mestom:<\/li><\/ul><p>Podrobnosti o napravi: vrsta naprave, operacijski sistem, vrsta brskalnika, nastavitve brskalnika, IP-naslov, jezikovne nastavitve, datum in \u010das povezave z na\u0161o spletno lokacijo in drugi tehni\u010dni komunikacijski podatki.<\/p><p>Usage data: records on logging and use of our website and other services, including registrations, details of the content you communicate with, votes in polls, questions, downloads, ratings, feedback, search queries, anonymous impressions (reviews), pageviews.<\/p><p>Podatki o uporabi: zapisi o bele\u017eenju in uporabi na\u0161ega spletnega mesta in drugih storitev, vklju\u010dno z registracijami, podrobnostmi o vsebini, s katero komunicirate, glasovanji v anketah, vpra\u0161anji, prenosi, ocenami, povratnimi informacijami, iskalnimi poizvedbami, anonimnimi prikazi (ocenami), ogledi strani.<\/p><p>Podatki za analizo: klju\u010dne besede, skupnost, trendi, kakovost in pomen vsebine.<\/p><p>Ocene, mnenja in interesi: vse komentarje, ocene, mnenja ali izjave, ki se jih odlo\u010dite poslati nam ali objaviti na na\u0161i spletni strani, prek vpra\u0161alnika ali javne objave na socialnih medijskih platformah; interesi in re\u0161itve, pomembni za \u0161ir\u0161o skupnost in dru\u017ebeno odgovornost podjetij.<\/p><ol start=\"6\"><li><span style=\"text-decoration: underline;\">NA\u010cINI ZBIRANJA OSEBNIH PODATKOV<\/span><\/li><\/ol><p>Podatki uporabnikov se zbirajo, ko so razkriti sami, prek e-po\u0161te, telefona, z izpolnjenim vpra\u0161alnikom o prisotnosti na nekaterih dogodkih, na na\u0161i spletni strani in na kakr\u0161en koli drug na\u010din.<\/p><p>Zbiramo, uporabljamo in obdelujemo osebne podatke, za katere se je uporabnik odlo\u010dil, da jih bo razkril sam, tudi prek na\u0161e internetne strani.<\/p><p>Uporabni\u0161ke osebne podatke lahko prejmejo tretje osebe, npr. prek dru\u017eabnih omre\u017eij, na katerih smo prisotni na na\u0161ih uradnih straneh.<\/p><p>Podatke zbiramo prek dnevni\u0161kih datotek v skladu z na\u0161im Pravilnikom o pi\u0161kotkih na spletnem mestu TeleGroup Slovenija. Z obiskom na\u0161ih spletnih strani, z uporabo katere koli funkcije ali spletno dostopnega vira, bo uporabnikova naprava in spletni brskalnik samodejno zaznal nekatere podatke, od katerih lahko nekateri predstavljajo osebne podatke.<\/p><ol start=\"7\"><li><span style=\"text-decoration: underline;\">PRAVNA PODLAGA ZA ZBIRANJE OSEBNIH PODATKOV<\/span><\/li><\/ol><p>Sklicujemo se na eno ali ve\u010d pravnih podlag, odvisno od okoli\u0161\u010din:<\/p><p>Izrecno, informirano, nedvoumno, jasno sporo\u010deno soglasje za zbiranje in obdelavo podatkov. Soglasje (odobritev) je prostovoljno in ga je mogo\u010de kadar koli umakniti, kar pomeni brisanje ali anonimizacijo zbranih podatkov, pod pogojem, da umik soglasja ne vpliva na obdelavo osebnih podatkov, ki je bila opravljena pred preklicem. Na\u0161i izdelki in re\u0161itve ne zbirajo osebnih podatkov, IP-naslovov in ne uporabljajo pi\u0161kotkov brez predhodnega soglasja uporabnika.<\/p><p>Obdelava podatkov je potrebna v zvezi z izpolnjevanjem na\u0161ih obveznosti v skladu s katero koli pogodbo, ki jo lahko uporabnik sklene z nami. Obdelava podatkov je potrebna v skladu z veljavno zakonodajo. Obdelava podatkov je potrebna za za\u0161\u010dito vitalnih interesov vsakega posameznika.<\/p><p>Zakoniti interes za izvedbo obdelave za upravljanje, poslovanje ali promocijo na\u0161ega poslovanja, pod pogojem, da na\u0161 legitimni interes ne prevlada nad interesi, temeljnimi pravicami in svobodo uporabnika.<\/p><p>Ne zbiramo in na noben drug na\u010din ne obdelujemo ob\u010dutljivih osebnih podatkov uporabnika, razen kadar:<\/p><p>Je obdelava podatkov potrebna ali dovoljena z veljavno zakonodajo o razkritju ali prepre\u010devanju kriminalnih dejavnosti (vklju\u010dno s prepre\u010devanjem goljufij);<\/p><p>Je obdelava podatkov potrebna za vzpostavitev, uveljavljanje ali obrambo zakonskih pravic.<\/p><ol start=\"8\"><li><span style=\"text-decoration: underline;\">NAMEN ZBIRANJA IN OBDELAVE OSEBNIH PODATKOV<\/span><\/li><\/ol><p>TeleGroup zbira podatke le za namen sodelovanja pri dolo\u010denem projektu ali marketin\u0161kem dogodku in komunikacijo ter interakcijo z uporabniki prek na\u0161ih spletnih strani in socialnih medijskih profilov.<\/p><p>Zbiranje osebnih podatkov se izvaja za naslednje namene:<\/p><ul><li>Obdelava naro\u010dil uporabnikov;<\/li><li>Po\u0161iljanje prijave za prejemanje glasila;<\/li><li>Sending of marketing announcements;<\/li><li>Po\u0161iljanje tr\u017enih objav;<\/li><li>Predlaganje vsebin, ki bi lahko uporabnika zanimale na podlagi njegovih prej\u0161njih dejavnosti;<\/li><li>Tr\u017eno komuniciranje z uporabniki prek katerega koli medija (e-po\u0161te, telefona, besedilnih sporo\u010dil, prek dru\u017ebenih medijev, po\u0161te ali kurirja), novic in drugih informacij pod pogojem, da je zagotovljeno, da se tak\u0161no komuniciranje izvaja v skladu z ustrezno zakonodajo;<\/li><li>Priporo\u010dilo vsebine s strani uporabnika drugim;<\/li><li>Nastavitve profila;<\/li><li>Omogo\u010danje uporabe nekaterih funkcij na\u0161ih re\u0161itev;<\/li><li>Prilagajanje izdelkov in storitev potrebam uporabnikov;<\/li><li>Zagotavljanje podpore strankam;<\/li><li>Upravljanje pro\u0161enj za delo v TeleGroup Slovenija;<\/li><li>Uresni\u010devanje pogodbenih obveznosti, med katerimi zagotavljamo storitve posameznikom v na\u0161em imenu in v imenu na\u0161ih strank;<\/li><li>Upravljanje sodelovanja z na\u0161imi podizvajalci;<\/li><li>Izbolj\u0161anje na\u0161e internetne strani in na\u0161ih storitev: prepoznavanje te\u017eav z obstoje\u010do internetno lokacijo in na\u0161imi storitvami; na\u010drtovanje izbolj\u0161av obstoje\u010de internetne strani in na\u0161ih storitev; ustvarjanje nove spletne strani in na\u0161ih storitev;<\/li><li>Vpra\u0161alniki in kvizi: sodelovanje z uporabniki za pridobitev odgovorov, mnenj na na\u0161i spletni strani ali na\u0161ih storitvah<\/li><\/ul><ol start=\"9\"><li><span style=\"text-decoration: underline;\">VARNOST OSEBNIH PODATKOV<\/span><\/li><\/ol><p>V skladu z veljavno zakonodajo smo sprejeli stroge fizi\u010dne, elektronske in druge ukrepe v zvezi z varnostjo pred nenamernim ali nezakonitim uni\u010denjem, izgubo, spremembo, nepoobla\u0161\u010denim razkritjem, nepoobla\u0161\u010denim dostopom in drugim nezakonitim ali nepoobla\u0161\u010denim na\u010dinom obdelave.<\/p><p>Podatki so na voljo samo za zaposlene in z nami povezane osebe oz. partnerje, ki te podatke potrebujejo za poslovanje ali izpolnitev pogodbe.<\/p><p>Osebne podatke hranimo v svojih internih elektronskih bazah podatkov, za katere uporabljamo vse potrebne organizacijske, tehni\u010dne in kadrovske za\u0161\u010ditne ukrepe v skladu z zahtevami obstoje\u010dega zakona o varstvu osebnih podatkov (ZVOP), kar vklju\u010duje:<\/p><ul><li>Nadzor fizi\u010dnega dostopa do sistema, v katerem so shranjeni osebni podatki;<\/li><li>Nadzor dostopa do podatkov;<\/li><li>Nadzor prenosa podatkov;<\/li><li>Nadzor vnosa podatkov;<\/li><li>Nadzor razpolo\u017eljivosti podatkov;<\/li><li>Drugi ukrepi informacijske varnosti, ki so potrebni za varovanje osebnih podatkov.<\/li><li><strong>Natan\u010dnost podatkov<\/strong><\/li><\/ul><p>Opravimo vse razumne korake, da zagotovimo, da so osebni podatki uporabnikov, ki jih obdelujemo, to\u010dni in po potrebi posodobljeni. Vsi osebni podatki, ki jih obdelamo in so neto\u010dni (glede na namene, za katere se obdelujejo), se nemudoma izbri\u0161ejo ali popravijo. Uporabnika lahko ob\u010dasno prosimo, da potrdi to\u010dnost svojih podatkov.<\/p><ul><li><strong>Zmanj\u0161anje podatkov<\/strong><\/li><\/ul><p>Izvedemo vse razumne korake, da zagotovimo, da so osebni podatki uporabnikov, ki jih obdelujemo, omejeni na osebne podatke, ki so razumno potrebni za namene, dolo\u010dene v tem pravilniku in zgoraj navedene namene zbiranja in obdelave.<\/p><ul><li><strong>Vodja informacijske tehnologije je odgovoren za naslednje:<\/strong><\/li><\/ul><p>Zagotavlja, da vsi sistemi, storitve in oprema, ki se uporabljajo za shranjevanje podatkov, izpolnjujejo sprejemljive varnostne standarde.<\/p><p>Izvajanje rednih pregledov in preverjanja, da se zagotovi pravilno delovanje varnostne strojne in programske opreme.<\/p><ul><li><strong>Direktor marketinga je odgovoren za naslednje:<\/strong><\/li><\/ul><p>Komunikacija z uporabniki prek vseh vrst medijev (internet, e-po\u0161ta, pisma &#8230;) . Odziv na vsako vpra\u0161anje v zvezi z varstvom podatkov, prejeto s strani tiska in medijskih hi\u0161.<\/p><p>Po potrebi sodelovanje z vodjo IMS, da se zagotovi, da so tr\u017ene pobude skladne z na\u010deli varstva podatkov.<\/p><ul><li><strong>Direktor kadrovske slu\u017ebe je odgovoren za naslednje:<\/strong><\/li><\/ul><p>Dvig stopnje ozave\u0161\u010denosti zaposlenih o varovanju osebnih podatkov uporabnikov. Organizacija izobra\u017eevanja o varstvu osebnih podatkov za ozave\u0161\u010danje zaposlenih, ki delajo z osebnimi podatki.<\/p><ul><li><strong>Vodja pravnih in kadrovskih zadev je odgovoren za naslednje:<\/strong><\/li><\/ul><p>Varstvo osebnih podatkov, s katerim se strinja kupec, se prenese na dobavitelje in podizvajalce.<\/p><p>V sodelovanju z ustreznimi vodji dela na izbolj\u0161anju ravni ozave\u0161\u010denosti dobaviteljev in podizvajalcev o varstvu osebnih podatkov.<\/p><p>Zmanj\u0161anje le na zahteve za prenos osebnih podatkov tretjim osebam, dobaviteljem in podizvajalcem, s katerimi sodelujemo.<\/p><ul><li><strong>Nabavna slu\u017eba<\/strong><\/li><\/ul><p>Zagotoviti mora, da si podjetje ohrani pravico do revizije dobaviteljev s podro\u010dja varstva osebnih podatkov.<\/p><ol start=\"10\"><li><span style=\"text-decoration: underline;\">RAZKRITJE OSEBNIH PODATKOV TRETJIM STRANAM<\/span><\/li><\/ol><p>Zasebni podatki, ki jih zbiramo, niso in ne bodo predmet trgovanja. Zasebni podatki se distribuirajo tretjim osebam samo za namene poslovanja in med poslovanjem samim.<\/p><p>S predhodnim izrecnim soglasjem uporabnika lahko njene\/njegove osebne podatke posredujemo svojim strankam ali podizvajalcem, da jim omogo\u010dimo stopiti v stik z uporabnikom z informacijami, ki bi ga lahko zanimale, pod pogojem, da tak\u0161na komunikacija sicer ne kr\u0161i veljavne zakonodaje.<\/p><p>Nekateri obdelovalci, ki lahko dostopajo do osebnih podatkov, ki jih uporabniki pustijo prek na\u0161ega spletnega mesta, imajo sede\u017e v tujih dr\u017eavah, kot so npr. ponudniki IT-storitev, prodajalci vti\u010dnikov za socialna omre\u017eja itd., ki so lahko locirani kjerkoli na svetu. Izvoz podatkov iz dr\u017eave se izvaja na podlagi privzete ravni ustreznega varstva osebnih podatkov v teh dr\u017eavah, v skladu z ZVOP in GDPR.<\/p><p>Skladno z veljavnimi predpisi s podro\u010dja varstva osebnih podatkov ima TeleGroup Slovenija pravico, da v primeru zahteve dr\u017eavnega organa, institucije, agencije ali pristojnega regulativnega organa podatke o uporabniku da na voljo tem organom, institucijam in regulativnim organom za uresni\u010devanje ali zagovarjanje zakonskih pravic za preiskovanje, prepre\u010devanje in odkrivanje kaznivih dejanj in kazenski pregon.<\/p><ol start=\"11\"><li><span style=\"text-decoration: underline;\">ZAKONSKE PRAVICE UPORABNIKOV V ZVEZI Z OSEBNIMI PODATKI, KI JIH ZBIRAMO IN OBDELUJEMO<\/span><\/li><\/ol><ol><li>Pravica zahtevati dostop do osebnih podatkov in informacij v zvezi z obdelavo ali kopijo svojih osebnih podatkov.<\/li><li>Pravica do ugovora iz upravi\u010denih razlogov obdelavi svojih osebnih podatkov.<\/li><li>Pravica zahtevati popravek kakr\u0161ne koli neto\u010dnosti ali spremembe svojih osebnih podatkov.<\/li><li>Pravica zahtevati izbris svojih osebnih podatkov.<\/li><li>Pravica zahtevati omejitev obdelave svojih osebnih podatkov.<\/li><li>Pravica do prenosa podatkov, da uporabnikove osebne podatke \u010dim bolj prenese na drugega upravljavca.<\/li><li>V primeru, da osebne podatke obdelujemo na podlagi privolitve, pravica do umika te privolitve.<\/li><li>Pravica, da ni predmet odlo\u010ditve, sprejete izklju\u010dno na podlagi avtomatizirane obdelave, vklju\u010dno s profiliranjem.<\/li><li>Pravica do obve\u0161\u010denosti o kr\u0161itvi osebnih podatkov, \u010de lahko ta kr\u0161itev osebnih podatkov predstavlja veliko tveganje za pravice in svobodo fizi\u010dnih oseb.<\/li><li>Pravica do sodnega varstva, \u010de meni, da so bile kr\u0161ene njene\/njegove pravice iz ZVOP.<\/li><li>Druge pravice, zajam\u010dene z veljavnim ZVOP.<\/li><\/ol><p>Oseba, na katero se nana\u0161ajo osebni podatki, lahko uveljavlja svoje pravice z izpolnitvijo zahteve za uveljavljanje pravice, ki je na voljo v poslovnih prostorih upravljavca in na spletnem mestu upravljavca.<\/p><p>Uporabnik se lahko kadar koli obrne na nas, \u010de ne \u017eeli ve\u010d prejemati nobenih informacij s strani TeleGroup Slovenija. \u010ce po\u0161lje sporo\u010dilo ODJAVA po elektronski po\u0161ti na: office@telegroup.si, bo takoj odstranjen z na\u0161ega distribucijskega seznama.<\/p><p>V zvezi z izvajanjem njenih\/njegovih pravic bo nadzornik zagotovil osebi, katere podatki so bili zbrani, vse potrebne dodatne informacije, kot tudi pomo\u010d \u2013 pod pogoji in na na\u010din, dolo\u010den z veljavnim ZVOP.<\/p><ol start=\"12\"><li><span style=\"text-decoration: underline;\">UPORABA PI\u0160KOTKOV<\/span><\/li><\/ol><p>Na na\u0161i spletni strani uporabljamo pi\u0161kotke, ki omogo\u010dajo identifikacijo uporabnika. Pi\u0161kotki so majhne besedilne datoteke, ki se za\u010dasno shranijo na uporabnikov trdi disk. Nekateri pi\u0161kotki shranjujejo informacije o uporabniku, ki so osebne. Vendar se tak\u0161ne informacije shranjujejo le, \u010de jih je uporabnik objavil ali vnesel na spletnem mestu, in samo zato, da pridobitev potrebnih podatkov za la\u017eje delovanje in uporabo spletnega mesta.<\/p><p>\u010ce si uporabnik \u017eeli predstavitev na\u0161e spletne strani ogledati brez pi\u0161kotkov, lahko to stori. Ve\u010dina programov spletnega brskalnika samodejno sprejme pi\u0161kotke, v tem primeru je treba to funkcijo izklopiti. Podrobnosti o tem najdete v priro\u010dniku spletnega brskalnika. \u010ce je uporaba pi\u0161kotkov izklju\u010dena, obstaja mo\u017enost, da nekaterih vsebin z na\u0161ega spletnega mesta ne bo mogo\u010de odpreti.<\/p><ol start=\"13\"><li><span style=\"text-decoration: underline;\">OBDOBJE SHRANJEVANJA OSEBNIH PODATKOV<\/span><\/li><\/ol><p>Kopije osebnih podatkov bomo hranili v obliki, ki omogo\u010da identifikacijo, do trenutka preklica informirane privolitve oz. le toliko \u010dasa, kolikor je potrebno glede na cilje in namene, opisane v tem pravilniku, razen \u010de veljavna zakonodaja zahteva dalj\u0161e obdobje.<\/p><p>To na primer pomeni, da smo upravi\u010deni ohraniti osebne podatke uporabnika za katero koli obdobje, ki je potrebno za vzpostavitev, izvajanje, ali obrambo svojih zakonskih pravic.<\/p><ol start=\"14\"><li><span style=\"text-decoration: underline;\">NA\u010cIN PRIDOBITEV DODATNIH OBVESTIL O OBDELAVI<\/span><\/li><\/ol><p>Oseba, katere podatki se obdelujejo, se lahko v zvezi z vsemi vpra\u0161anji, povezanimi z obdelavo osebnih podatkov, vklju\u010dno z na\u010dinom uveljavljanja pravic in dostopa do dokumentov, ki dodatno urejajo na\u010din obdelave podatkov, vedno obrne na na\u0161ega odgovornega predstavnika za stike v zvezi z varstvom osebnih podatkov Primo\u017ea Bedra\u010da prek tel. \u0161t.: +386 41 530 570 ali e-po\u0161tnega naslova: <a href=\"mailto:primoz.bedrac@telegroup.si\">primoz.bedrac@telegroup.si<\/a><\/p><p>in\/ali s pismom na naslov:<\/p><p>Dunajska cesta 167, Ljubljana, Slovenija<\/p><p>Kontaktna oseba, zadol\u017eena za varstvo osebnih podatkov mora odgovoriti na vpra\u0161anje v najkraj\u0161em mo\u017enem \u010dasu, odvisno od samega vpra\u0161anja, v nobenem primeru pa rok za odgovor ne sme biti dalj\u0161i od 30 dni od pravilno sprejetega vpra\u0161anja. Ta rok se lahko podalj\u0161a, \u010de je to potrebno, za dodatna dva meseca, pri \u010demer je treba upo\u0161tevati kompleksnost in \u0161tevilo vpra\u0161anj.<\/p>\t\t\t\t\t\t<\/div>\n\t\t\t\t<\/div>\n\t\t\t\t\t<\/div>\n\t\t<\/div>\n\t\t\t\t\t\t\t<\/div>\n\t\t<\/section>\n\t\t\t\t\t\t\t<\/div>\n\t\t","protected":false},"excerpt":{"rendered":"<p>Pravilnik o varstvu osebnih podatkov UVOD Priporo\u010damo vam, da natan\u010dno preberete ta pravilnik o zasebnosti (v nadaljevanju \u00bbpravilnik\u00ab), ki se lahko ob\u010dasno spremeni ali dopolni, da odra\u017ea spremembe v na\u0161i praksi v zvezi z obdelavo osebnih podatkov ali spremembe v ustreznih zakonih in predpisih. Vse nadaljnje spremembe pravilnika bodo takoj objavljene na na\u0161i spletni strani. [&hellip;]<\/p>\n","protected":false},"author":1,"featured_media":0,"parent":0,"menu_order":0,"comment_status":"closed","ping_status":"open","template":"","meta":{"inline_featured_image":false,"footnotes":""},"class_list":["post-9407","page","type-page","status-publish","hentry"],"_links":{"self":[{"href":"https:\/\/telegroup.si\/sl\/wp-json\/wp\/v2\/pages\/9407","targetHints":{"allow":["GET"]}}],"collection":[{"href":"https:\/\/telegroup.si\/sl\/wp-json\/wp\/v2\/pages"}],"about":[{"href":"https:\/\/telegroup.si\/sl\/wp-json\/wp\/v2\/types\/page"}],"author":[{"embeddable":true,"href":"https:\/\/telegroup.si\/sl\/wp-json\/wp\/v2\/users\/1"}],"replies":[{"embeddable":true,"href":"https:\/\/telegroup.si\/sl\/wp-json\/wp\/v2\/comments?post=9407"}],"version-history":[{"count":6,"href":"https:\/\/telegroup.si\/sl\/wp-json\/wp\/v2\/pages\/9407\/revisions"}],"predecessor-version":[{"id":10550,"href":"https:\/\/telegroup.si\/sl\/wp-json\/wp\/v2\/pages\/9407\/revisions\/10550"}],"wp:attachment":[{"href":"https:\/\/telegroup.si\/sl\/wp-json\/wp\/v2\/media?parent=9407"}],"curies":[{"name":"wp","href":"https:\/\/api.w.org\/{rel}","templated":true}]}}